{"id":86,"date":"2022-01-27T17:08:12","date_gmt":"2022-01-27T12:08:12","guid":{"rendered":"https:\/\/fundacionbiosferas.org\/?page_id=86"},"modified":"2022-02-21T22:31:05","modified_gmt":"2022-02-21T17:31:05","slug":"convocatorias","status":"publish","type":"page","link":"https:\/\/fundacionbiosferas.org\/index.php\/convocatorias\/","title":{"rendered":"Convocatorias"},"content":{"rendered":"\t\t<div data-elementor-type=\"wp-page\" data-elementor-id=\"86\" class=\"elementor elementor-86\" data-elementor-settings=\"[]\">\n\t\t\t\t\t\t\t<div class=\"elementor-section-wrap\">\n\t\t\t\t\t\t\t<section class=\"elementor-section elementor-top-section elementor-element elementor-element-57a192b elementor-section-boxed elementor-section-height-default elementor-section-height-default\" data-id=\"57a192b\" data-element_type=\"section\">\n\t\t\t\t\t\t<div class=\"elementor-container elementor-column-gap-default\">\n\t\t\t\t\t<div class=\"elementor-column elementor-col-100 elementor-top-column elementor-element elementor-element-4d90f84\" data-id=\"4d90f84\" data-element_type=\"column\">\n\t\t\t<div class=\"elementor-widget-wrap elementor-element-populated\">\n\t\t\t\t\t\t\t\t<div class=\"elementor-element elementor-element-ca0771c elementor-grid-eael-col-2 elementor-grid-tablet-eael-col-2 elementor-grid-mobile-eael-col-1 elementor-widget elementor-widget-eael-post-grid\" data-id=\"ca0771c\" data-element_type=\"widget\" data-settings=\"{&quot;eael_post_grid_columns&quot;:&quot;eael-col-2&quot;,&quot;eael_post_grid_columns_tablet&quot;:&quot;eael-col-2&quot;,&quot;eael_post_grid_columns_mobile&quot;:&quot;eael-col-1&quot;}\" data-widget_type=\"eael-post-grid.default\">\n\t\t\t\t<div class=\"elementor-widget-container\">\n\t\t\t<div id=\"eael-post-grid-ca0771c\" class=\"eael-post-grid-container\">\n            <div class=\"eael-post-grid eael-post-appender eael-post-appender-ca0771c eael-post-grid-style-one\" data-layout-mode=\"masonry\"><article class=\"eael-grid-post eael-post-grid-column\" data-id=\"1252\">\n        <div class=\"eael-grid-post-holder\">\n            <div class=\"eael-grid-post-holder-inner\"><div class=\"eael-entry-media\"><div class=\"eael-entry-overlay fade-in\"><i class=\"fas fa-long-arrow-alt-right\" aria-hidden=\"true\"><\/i><a href=\"https:\/\/fundacionbiosferas.org\/index.php\/2023\/03\/03\/acta-de-seleccion-convocatorias-vinculantes-huertocircuitos-kennedy-2023\/\"><\/a><\/div><div class=\"eael-entry-thumbnail \">\n                <img decoding=\"async\" width=\"300\" height=\"212\" src=\"https:\/\/fundacionbiosferas.org\/wp-content\/uploads\/2023\/03\/portada-Acta-de-seleccion-300x212.png\" class=\"attachment-medium size-medium\" alt=\"\" \/>\n            <\/div>\n        <\/div><div class=\"eael-entry-wrapper\"><header class=\"eael-entry-header\"><h2 class=\"eael-entry-title\"><a class=\"eael-grid-post-link\" href=\"https:\/\/fundacionbiosferas.org\/index.php\/2023\/03\/03\/acta-de-seleccion-convocatorias-vinculantes-huertocircuitos-kennedy-2023\/\" title=\"Acta de selecci\u00f3n &#8211; convocatorias vinculantes #HuertoCircuitos Kennedy 2023\">Acta de selecci\u00f3n &#8211; convocatorias vinculantes #HuertoCircuitos Kennedy 2023<\/a><\/h2><\/header><div class=\"eael-entry-content\">\n                        <div class=\"eael-grid-post-excerpt\"><p>Acta de selecci\u00f3n propuestas participantes de las convocatorias A, B,...<\/p><a href=\"https:\/\/fundacionbiosferas.org\/index.php\/2023\/03\/03\/acta-de-seleccion-convocatorias-vinculantes-huertocircuitos-kennedy-2023\/\" class=\"eael-post-elements-readmore-btn\">Leer m\u00e1s<\/a><\/div>\n                    <\/div><div class=\"eael-entry-footer\"><div class=\"eael-author-avatar\"><a href=\"https:\/\/fundacionbiosferas.org\/index.php\/author\/fundacionbiosferas\/\"><img alt='Fundaci\u00f3n Biosferas' src='https:\/\/secure.gravatar.com\/avatar\/9ec84cd2aae348a65c0e6bfc1712bb19d1c65841673d43248628d1eb9c1bde07?s=96&#038;d=mm&#038;r=g' srcset='https:\/\/secure.gravatar.com\/avatar\/9ec84cd2aae348a65c0e6bfc1712bb19d1c65841673d43248628d1eb9c1bde07?s=192&#038;d=mm&#038;r=g 2x' class='avatar avatar-96 photo' height='96' width='96' \/><\/a><\/div><div class=\"eael-entry-meta\"><span class=\"eael-posted-by\"><a href=\"https:\/\/fundacionbiosferas.org\/index.php\/author\/fundacionbiosferas\/\" title=\"Entradas de Fundaci\u00f3n Biosferas\" rel=\"author\">Fundaci\u00f3n Biosferas<\/a><\/span><span class=\"eael-posted-on\"><time datetime=\"03\/03\/2023\">03\/03\/2023<\/time><\/span><\/div><\/div><\/div><\/div>\n        <\/div>\n    <\/article><article class=\"eael-grid-post eael-post-grid-column\" data-id=\"1241\">\n        <div class=\"eael-grid-post-holder\">\n            <div class=\"eael-grid-post-holder-inner\"><div class=\"eael-entry-media\"><div class=\"eael-entry-overlay fade-in\"><i class=\"fas fa-long-arrow-alt-right\" aria-hidden=\"true\"><\/i><a href=\"https:\/\/fundacionbiosferas.org\/index.php\/2023\/02\/06\/huertocircuitos-kennedy-2023-inscribete\/\"><\/a><\/div><div class=\"eael-entry-thumbnail \">\n                <img decoding=\"async\" width=\"300\" height=\"300\" src=\"https:\/\/fundacionbiosferas.org\/wp-content\/uploads\/2023\/02\/Convocatoria-Vinculantes-HuertoCircuitos-K2023-300x300.jpg\" class=\"attachment-medium size-medium\" alt=\"\" \/>\n            <\/div>\n        <\/div><div class=\"eael-entry-wrapper\"><header class=\"eael-entry-header\"><h2 class=\"eael-entry-title\"><a class=\"eael-grid-post-link\" href=\"https:\/\/fundacionbiosferas.org\/index.php\/2023\/02\/06\/huertocircuitos-kennedy-2023-inscribete\/\" title=\"#HuertoCircuitos &#8211; Kennedy 2023. \u00a1Inscr\u00edbete!\">#HuertoCircuitos &#8211; Kennedy 2023. \u00a1Inscr\u00edbete!<\/a><\/h2><\/header><div class=\"eael-entry-content\">\n                        <div class=\"eael-grid-post-excerpt\"><p>\u00a1Invitamos a huerter@s urbanos, organizaciones, artistas, agrupaciones culturales y l\u00edderes...<\/p><a href=\"https:\/\/fundacionbiosferas.org\/index.php\/2023\/02\/06\/huertocircuitos-kennedy-2023-inscribete\/\" class=\"eael-post-elements-readmore-btn\">Leer m\u00e1s<\/a><\/div>\n                    <\/div><div class=\"eael-entry-footer\"><div class=\"eael-author-avatar\"><a href=\"https:\/\/fundacionbiosferas.org\/index.php\/author\/fundacionbiosferas\/\"><img alt='Fundaci\u00f3n Biosferas' src='https:\/\/secure.gravatar.com\/avatar\/9ec84cd2aae348a65c0e6bfc1712bb19d1c65841673d43248628d1eb9c1bde07?s=96&#038;d=mm&#038;r=g' srcset='https:\/\/secure.gravatar.com\/avatar\/9ec84cd2aae348a65c0e6bfc1712bb19d1c65841673d43248628d1eb9c1bde07?s=192&#038;d=mm&#038;r=g 2x' class='avatar avatar-96 photo' height='96' width='96' \/><\/a><\/div><div class=\"eael-entry-meta\"><span class=\"eael-posted-by\"><a href=\"https:\/\/fundacionbiosferas.org\/index.php\/author\/fundacionbiosferas\/\" title=\"Entradas de Fundaci\u00f3n Biosferas\" rel=\"author\">Fundaci\u00f3n Biosferas<\/a><\/span><span class=\"eael-posted-on\"><time datetime=\"06\/02\/2023\">06\/02\/2023<\/time><\/span><\/div><\/div><\/div><\/div>\n        <\/div>\n    <\/article><article class=\"eael-grid-post eael-post-grid-column\" data-id=\"1213\">\n        <div class=\"eael-grid-post-holder\">\n            <div class=\"eael-grid-post-holder-inner\"><div class=\"eael-entry-wrapper\"><header class=\"eael-entry-header\"><h2 class=\"eael-entry-title\"><a class=\"eael-grid-post-link\" href=\"https:\/\/fundacionbiosferas.org\/index.php\/2022\/06\/01\/album-y-cromos-coleccionables\/\" title=\"\u00c1lbum  y cromos coleccionables\">\u00c1lbum  y cromos coleccionables<\/a><\/h2><\/header><div class=\"eael-entry-content\">\n                        <div class=\"eael-grid-post-excerpt\"><p>Powered By EmbedPress<\/p><a href=\"https:\/\/fundacionbiosferas.org\/index.php\/2022\/06\/01\/album-y-cromos-coleccionables\/\" class=\"eael-post-elements-readmore-btn\">Leer m\u00e1s<\/a><\/div>\n                    <\/div><div class=\"eael-entry-footer\"><div class=\"eael-author-avatar\"><a href=\"https:\/\/fundacionbiosferas.org\/index.php\/author\/fundacionbiosferas\/\"><img alt='Fundaci\u00f3n Biosferas' src='https:\/\/secure.gravatar.com\/avatar\/9ec84cd2aae348a65c0e6bfc1712bb19d1c65841673d43248628d1eb9c1bde07?s=96&#038;d=mm&#038;r=g' srcset='https:\/\/secure.gravatar.com\/avatar\/9ec84cd2aae348a65c0e6bfc1712bb19d1c65841673d43248628d1eb9c1bde07?s=192&#038;d=mm&#038;r=g 2x' class='avatar avatar-96 photo' height='96' width='96' \/><\/a><\/div><div class=\"eael-entry-meta\"><span class=\"eael-posted-by\"><a href=\"https:\/\/fundacionbiosferas.org\/index.php\/author\/fundacionbiosferas\/\" title=\"Entradas de Fundaci\u00f3n Biosferas\" rel=\"author\">Fundaci\u00f3n Biosferas<\/a><\/span><span class=\"eael-posted-on\"><time datetime=\"01\/06\/2022\">01\/06\/2022<\/time><\/span><\/div><\/div><\/div><\/div>\n        <\/div>\n    <\/article><article class=\"eael-grid-post eael-post-grid-column\" data-id=\"1184\">\n        <div class=\"eael-grid-post-holder\">\n            <div class=\"eael-grid-post-holder-inner\"><div class=\"eael-entry-media\"><div class=\"eael-entry-overlay fade-in\"><i class=\"fas fa-long-arrow-alt-right\" aria-hidden=\"true\"><\/i><a href=\"https:\/\/fundacionbiosferas.org\/index.php\/2022\/05\/24\/bici-recorrido-circuito-puente-aranda-domingo-19-junio-huertocircuitos-inscribete\/\"><\/a><\/div><div class=\"eael-entry-thumbnail \">\n                <img decoding=\"async\" width=\"300\" height=\"300\" src=\"https:\/\/fundacionbiosferas.org\/wp-content\/uploads\/2022\/06\/RC-HuertoCircuitos-LUNES-20-300x300.png\" class=\"attachment-medium size-medium\" alt=\"\" \/>\n            <\/div>\n        <\/div><div class=\"eael-entry-wrapper\"><header class=\"eael-entry-header\"><h2 class=\"eael-entry-title\"><a class=\"eael-grid-post-link\" href=\"https:\/\/fundacionbiosferas.org\/index.php\/2022\/05\/24\/bici-recorrido-circuito-puente-aranda-domingo-19-junio-huertocircuitos-inscribete\/\" title=\"Bici Recorrido &#8211; Circuito Puente Aranda: Lunes Festivo 20 Junio  #HuertoCircuitos \u00a1Inscr\u00edbete!\">Bici Recorrido &#8211; Circuito Puente Aranda: Lunes Festivo 20 Junio  #HuertoCircuitos \u00a1Inscr\u00edbete!<\/a><\/h2><\/header><div class=\"eael-entry-content\">\n                        <div class=\"eael-grid-post-excerpt\"><p>\u00a1Invitamos a huerter@s urbanos, organizaciones, artistas, agrupaciones culturales y l\u00edderes...<\/p><a href=\"https:\/\/fundacionbiosferas.org\/index.php\/2022\/05\/24\/bici-recorrido-circuito-puente-aranda-domingo-19-junio-huertocircuitos-inscribete\/\" class=\"eael-post-elements-readmore-btn\">Leer m\u00e1s<\/a><\/div>\n                    <\/div><div class=\"eael-entry-footer\"><div class=\"eael-author-avatar\"><a href=\"https:\/\/fundacionbiosferas.org\/index.php\/author\/fundacionbiosferas\/\"><img alt='Fundaci\u00f3n Biosferas' src='https:\/\/secure.gravatar.com\/avatar\/9ec84cd2aae348a65c0e6bfc1712bb19d1c65841673d43248628d1eb9c1bde07?s=96&#038;d=mm&#038;r=g' srcset='https:\/\/secure.gravatar.com\/avatar\/9ec84cd2aae348a65c0e6bfc1712bb19d1c65841673d43248628d1eb9c1bde07?s=192&#038;d=mm&#038;r=g 2x' class='avatar avatar-96 photo' height='96' width='96' \/><\/a><\/div><div class=\"eael-entry-meta\"><span class=\"eael-posted-by\"><a href=\"https:\/\/fundacionbiosferas.org\/index.php\/author\/fundacionbiosferas\/\" title=\"Entradas de Fundaci\u00f3n Biosferas\" rel=\"author\">Fundaci\u00f3n Biosferas<\/a><\/span><span class=\"eael-posted-on\"><time datetime=\"24\/05\/2022\">24\/05\/2022<\/time><\/span><\/div><\/div><\/div><\/div>\n        <\/div>\n    <\/article><\/div>\n            <div class=\"clearfix\"><\/div>\n        <\/div>            <div class=\"eael-load-more-button-wrap eael-force-hide\">\n                <button class=\"eael-load-more-button\" id=\"eael-load-more-btn-ca0771c\" data-widget-id=\"ca0771c\" data-widget=\"ca0771c\" data-page-id=\"86\" data-template=\"{&quot;dir&quot;:&quot;lite&quot;,&quot;file_name&quot;:&quot;one.php&quot;,&quot;name&quot;:&quot;Post-Grid&quot;}\" data-class=\"Essential_Addons_Elementor\\Elements\\Post_Grid\" data-layout=\"masonry\" data-page=\"1\" data-args=\"orderby=date&amp;order=desc&amp;ignore_sticky_posts=1&amp;post_status=publish&amp;posts_per_page=4&amp;offset=0&amp;post_type=post&amp;tax_query%5B0%5D%5Btaxonomy%5D=category&amp;tax_query%5B0%5D%5Bfield%5D=term_id&amp;tax_query%5B0%5D%5Bterms%5D%5B0%5D=1&amp;tax_query%5Brelation%5D=AND\" data-max-page=\"5\">\n                    <span class=\"eael-btn-loader button__loader\"><\/span>\n                    <span class=\"eael_load_more_text\">Cargar m\u00e1s<\/span>\n                <\/button>\n            <\/div>\n            \t\t<\/div>\n\t\t\t\t<\/div>\n\t\t\t\t\t<\/div>\n\t\t<\/div>\n\t\t\t\t\t\t\t<\/div>\n\t\t<\/section>\n\t\t\t\t\t\t<\/div>\n\t\t\t\t\t<\/div>\n\t\t","protected":false},"excerpt":{"rendered":"<p>Vinculaci\u00f3n de 16 participantes en desaf\u00edos culinarios Los representantes del sector gastron\u00f3mico seleccionados participar\u00e1n durante los 7&#8230; Leer m\u00e1s Fundaci\u00f3n Biosferas17\/02\/2022 Vinculaci\u00f3n de 9 artistas\/agrupaciones culturales Las presentaciones seleccionadas participar\u00e1n durante los 7 recorridos cortos y&#8230; Leer m\u00e1s Fundaci\u00f3n Biosferas17\/02\/2022 Vinculaci\u00f3n de 6 coordinadores de talleres\/laboratorios Los laboratorios seleccionados participar\u00e1n durante los 7 recorridos cortos [&hellip;]<\/p>\n","protected":false},"author":1,"featured_media":0,"parent":0,"menu_order":0,"comment_status":"closed","ping_status":"closed","template":"","meta":{"footnotes":""},"class_list":["post-86","page","type-page","status-publish","hentry","entry","has-media","owp-thumbs-layout-horizontal","owp-btn-normal","owp-tabs-layout-horizontal","has-no-thumbnails","has-product-nav"],"yoast_head":"<!-- This site is optimized with the Yoast SEO plugin v18.1 - https:\/\/yoast.com\/wordpress\/plugins\/seo\/ -->\n<title>Convocatorias - Fundaci\u00f3n Biosferas<\/title>\n<meta name=\"robots\" content=\"index, follow, max-snippet:-1, max-image-preview:large, max-video-preview:-1\" \/>\n<link rel=\"canonical\" href=\"https:\/\/fundacionbiosferas.org\/index.php\/convocatorias\/\" \/>\n<meta property=\"og:locale\" content=\"es_ES\" \/>\n<meta property=\"og:type\" content=\"article\" \/>\n<meta property=\"og:title\" content=\"Convocatorias - Fundaci\u00f3n Biosferas\" \/>\n<meta property=\"og:description\" content=\"Vinculaci\u00f3n de 16 participantes en desaf\u00edos culinarios Los representantes del sector gastron\u00f3mico seleccionados participar\u00e1n durante los 7&#8230; Leer m\u00e1s Fundaci\u00f3n Biosferas17\/02\/2022 Vinculaci\u00f3n de 9 artistas\/agrupaciones culturales Las presentaciones seleccionadas participar\u00e1n durante los 7 recorridos cortos y&#8230; Leer m\u00e1s Fundaci\u00f3n Biosferas17\/02\/2022 Vinculaci\u00f3n de 6 coordinadores de talleres\/laboratorios Los laboratorios seleccionados participar\u00e1n durante los 7 recorridos cortos [&hellip;]\" \/>\n<meta property=\"og:url\" content=\"https:\/\/fundacionbiosferas.org\/index.php\/convocatorias\/\" \/>\n<meta property=\"og:site_name\" content=\"Fundaci\u00f3n Biosferas\" \/>\n<meta property=\"article:modified_time\" content=\"2022-02-21T17:31:05+00:00\" \/>\n<meta property=\"og:image\" content=\"http:\/\/fundacionbiosferas.org\/wp-content\/uploads\/2022\/02\/papas-scaled-e1645368405783.jpg\" \/>\n<meta name=\"twitter:card\" content=\"summary_large_image\" \/>\n<script type=\"application\/ld+json\" class=\"yoast-schema-graph\">{\"@context\":\"https:\/\/schema.org\",\"@graph\":[{\"@type\":\"Organization\",\"@id\":\"https:\/\/fundacionbiosferas.org\/#organization\",\"name\":\"Fundaci\u00f3n Biosferas\",\"url\":\"https:\/\/fundacionbiosferas.org\/\",\"sameAs\":[],\"logo\":{\"@type\":\"ImageObject\",\"@id\":\"https:\/\/fundacionbiosferas.org\/#logo\",\"inLanguage\":\"es\",\"url\":\"https:\/\/fundacionbiosferas.org\/wp-content\/uploads\/2022\/02\/cropped-Logo-texto-fondo-blanco-fundacion-biosferas.png\",\"contentUrl\":\"https:\/\/fundacionbiosferas.org\/wp-content\/uploads\/2022\/02\/cropped-Logo-texto-fondo-blanco-fundacion-biosferas.png\",\"width\":500,\"height\":233,\"caption\":\"Fundaci\u00f3n Biosferas\"},\"image\":{\"@id\":\"https:\/\/fundacionbiosferas.org\/#logo\"}},{\"@type\":\"WebSite\",\"@id\":\"https:\/\/fundacionbiosferas.org\/#website\",\"url\":\"https:\/\/fundacionbiosferas.org\/\",\"name\":\"Fundaci\u00f3n Biosferas\",\"description\":\"Fundaci\u00f3n sin \u00e1nimo de lucro, que busca construir comunidad promoviendo la reconexi\u00f3n socioambiental.\",\"publisher\":{\"@id\":\"https:\/\/fundacionbiosferas.org\/#organization\"},\"potentialAction\":[{\"@type\":\"SearchAction\",\"target\":{\"@type\":\"EntryPoint\",\"urlTemplate\":\"https:\/\/fundacionbiosferas.org\/?s={search_term_string}\"},\"query-input\":\"required name=search_term_string\"}],\"inLanguage\":\"es\"},{\"@type\":\"ImageObject\",\"@id\":\"https:\/\/fundacionbiosferas.org\/index.php\/convocatorias\/#primaryimage\",\"inLanguage\":\"es\",\"url\":\"http:\/\/fundacionbiosferas.org\/wp-content\/uploads\/2022\/02\/papas-scaled-e1645368405783.jpg\",\"contentUrl\":\"http:\/\/fundacionbiosferas.org\/wp-content\/uploads\/2022\/02\/papas-scaled-e1645368405783.jpg\"},{\"@type\":\"WebPage\",\"@id\":\"https:\/\/fundacionbiosferas.org\/index.php\/convocatorias\/#webpage\",\"url\":\"https:\/\/fundacionbiosferas.org\/index.php\/convocatorias\/\",\"name\":\"Convocatorias - Fundaci\u00f3n Biosferas\",\"isPartOf\":{\"@id\":\"https:\/\/fundacionbiosferas.org\/#website\"},\"primaryImageOfPage\":{\"@id\":\"https:\/\/fundacionbiosferas.org\/index.php\/convocatorias\/#primaryimage\"},\"datePublished\":\"2022-01-27T12:08:12+00:00\",\"dateModified\":\"2022-02-21T17:31:05+00:00\",\"breadcrumb\":{\"@id\":\"https:\/\/fundacionbiosferas.org\/index.php\/convocatorias\/#breadcrumb\"},\"inLanguage\":\"es\",\"potentialAction\":[{\"@type\":\"ReadAction\",\"target\":[\"https:\/\/fundacionbiosferas.org\/index.php\/convocatorias\/\"]}]},{\"@type\":\"BreadcrumbList\",\"@id\":\"https:\/\/fundacionbiosferas.org\/index.php\/convocatorias\/#breadcrumb\",\"itemListElement\":[{\"@type\":\"ListItem\",\"position\":1,\"name\":\"Portada\",\"item\":\"https:\/\/fundacionbiosferas.org\/\"},{\"@type\":\"ListItem\",\"position\":2,\"name\":\"Convocatorias\"}]}]}<\/script>\n<!-- \/ Yoast SEO plugin. -->","yoast_head_json":{"title":"Convocatorias - Fundaci\u00f3n Biosferas","robots":{"index":"index","follow":"follow","max-snippet":"max-snippet:-1","max-image-preview":"max-image-preview:large","max-video-preview":"max-video-preview:-1"},"canonical":"https:\/\/fundacionbiosferas.org\/index.php\/convocatorias\/","og_locale":"es_ES","og_type":"article","og_title":"Convocatorias - Fundaci\u00f3n Biosferas","og_description":"Vinculaci\u00f3n de 16 participantes en desaf\u00edos culinarios Los representantes del sector gastron\u00f3mico seleccionados participar\u00e1n durante los 7&#8230; Leer m\u00e1s Fundaci\u00f3n Biosferas17\/02\/2022 Vinculaci\u00f3n de 9 artistas\/agrupaciones culturales Las presentaciones seleccionadas participar\u00e1n durante los 7 recorridos cortos y&#8230; Leer m\u00e1s Fundaci\u00f3n Biosferas17\/02\/2022 Vinculaci\u00f3n de 6 coordinadores de talleres\/laboratorios Los laboratorios seleccionados participar\u00e1n durante los 7 recorridos cortos [&hellip;]","og_url":"https:\/\/fundacionbiosferas.org\/index.php\/convocatorias\/","og_site_name":"Fundaci\u00f3n Biosferas","article_modified_time":"2022-02-21T17:31:05+00:00","og_image":[{"url":"http:\/\/fundacionbiosferas.org\/wp-content\/uploads\/2022\/02\/papas-scaled-e1645368405783.jpg"}],"twitter_card":"summary_large_image","schema":{"@context":"https:\/\/schema.org","@graph":[{"@type":"Organization","@id":"https:\/\/fundacionbiosferas.org\/#organization","name":"Fundaci\u00f3n Biosferas","url":"https:\/\/fundacionbiosferas.org\/","sameAs":[],"logo":{"@type":"ImageObject","@id":"https:\/\/fundacionbiosferas.org\/#logo","inLanguage":"es","url":"https:\/\/fundacionbiosferas.org\/wp-content\/uploads\/2022\/02\/cropped-Logo-texto-fondo-blanco-fundacion-biosferas.png","contentUrl":"https:\/\/fundacionbiosferas.org\/wp-content\/uploads\/2022\/02\/cropped-Logo-texto-fondo-blanco-fundacion-biosferas.png","width":500,"height":233,"caption":"Fundaci\u00f3n Biosferas"},"image":{"@id":"https:\/\/fundacionbiosferas.org\/#logo"}},{"@type":"WebSite","@id":"https:\/\/fundacionbiosferas.org\/#website","url":"https:\/\/fundacionbiosferas.org\/","name":"Fundaci\u00f3n Biosferas","description":"Fundaci\u00f3n sin \u00e1nimo de lucro, que busca construir comunidad promoviendo la reconexi\u00f3n socioambiental.","publisher":{"@id":"https:\/\/fundacionbiosferas.org\/#organization"},"potentialAction":[{"@type":"SearchAction","target":{"@type":"EntryPoint","urlTemplate":"https:\/\/fundacionbiosferas.org\/?s={search_term_string}"},"query-input":"required name=search_term_string"}],"inLanguage":"es"},{"@type":"ImageObject","@id":"https:\/\/fundacionbiosferas.org\/index.php\/convocatorias\/#primaryimage","inLanguage":"es","url":"http:\/\/fundacionbiosferas.org\/wp-content\/uploads\/2022\/02\/papas-scaled-e1645368405783.jpg","contentUrl":"http:\/\/fundacionbiosferas.org\/wp-content\/uploads\/2022\/02\/papas-scaled-e1645368405783.jpg"},{"@type":"WebPage","@id":"https:\/\/fundacionbiosferas.org\/index.php\/convocatorias\/#webpage","url":"https:\/\/fundacionbiosferas.org\/index.php\/convocatorias\/","name":"Convocatorias - Fundaci\u00f3n Biosferas","isPartOf":{"@id":"https:\/\/fundacionbiosferas.org\/#website"},"primaryImageOfPage":{"@id":"https:\/\/fundacionbiosferas.org\/index.php\/convocatorias\/#primaryimage"},"datePublished":"2022-01-27T12:08:12+00:00","dateModified":"2022-02-21T17:31:05+00:00","breadcrumb":{"@id":"https:\/\/fundacionbiosferas.org\/index.php\/convocatorias\/#breadcrumb"},"inLanguage":"es","potentialAction":[{"@type":"ReadAction","target":["https:\/\/fundacionbiosferas.org\/index.php\/convocatorias\/"]}]},{"@type":"BreadcrumbList","@id":"https:\/\/fundacionbiosferas.org\/index.php\/convocatorias\/#breadcrumb","itemListElement":[{"@type":"ListItem","position":1,"name":"Portada","item":"https:\/\/fundacionbiosferas.org\/"},{"@type":"ListItem","position":2,"name":"Convocatorias"}]}]}},"_links":{"self":[{"href":"https:\/\/fundacionbiosferas.org\/index.php\/wp-json\/wp\/v2\/pages\/86","targetHints":{"allow":["GET"]}}],"collection":[{"href":"https:\/\/fundacionbiosferas.org\/index.php\/wp-json\/wp\/v2\/pages"}],"about":[{"href":"https:\/\/fundacionbiosferas.org\/index.php\/wp-json\/wp\/v2\/types\/page"}],"author":[{"embeddable":true,"href":"https:\/\/fundacionbiosferas.org\/index.php\/wp-json\/wp\/v2\/users\/1"}],"replies":[{"embeddable":true,"href":"https:\/\/fundacionbiosferas.org\/index.php\/wp-json\/wp\/v2\/comments?post=86"}],"version-history":[{"count":11,"href":"https:\/\/fundacionbiosferas.org\/index.php\/wp-json\/wp\/v2\/pages\/86\/revisions"}],"predecessor-version":[{"id":1061,"href":"https:\/\/fundacionbiosferas.org\/index.php\/wp-json\/wp\/v2\/pages\/86\/revisions\/1061"}],"wp:attachment":[{"href":"https:\/\/fundacionbiosferas.org\/index.php\/wp-json\/wp\/v2\/media?parent=86"}],"curies":[{"name":"wp","href":"https:\/\/api.w.org\/{rel}","templated":true}]}}